{"id":37,"date":"2021-08-26T11:56:58","date_gmt":"2021-08-26T11:56:58","guid":{"rendered":"https:\/\/www.slbgroup.ch\/?page_id=37"},"modified":"2022-07-21T07:27:02","modified_gmt":"2022-07-21T07:27:02","slug":"construction","status":"publish","type":"page","link":"https:\/\/www.slbgroup.ch\/?page_id=37","title":{"rendered":"Construction"},"content":{"rendered":"<h4 style=\"text-align: center;\">Construction neuve, agrandissement, transformation et r\u00e9novation<\/h4>\n<p>&nbsp;<\/p>\n<p style=\"text-align: center;\"><strong>Etude<\/strong><\/p>\n<p style=\"text-align: center;\"><strong>Planification<\/strong><\/p>\n<p style=\"text-align: center;\"><strong>Construction<\/strong><\/p>\n<p style=\"text-align: center;\"><strong>Transformation<\/strong><\/p>\n<p style=\"text-align: center;\"><strong>R\u00e9novation<\/strong><\/p>\n<p style=\"text-align: center;\"><strong>D\u00e9molition<\/strong><\/p>\n<p style=\"text-align: center;\"><strong>Am\u00e9nag\u00e9ments ext\u00e9rieurs<\/strong><\/p>\n","protected":false},"excerpt":{"rendered":"<p>Construction neuve, agrandissement, transformation et r\u00e9novation &nbsp; Etude Planification Construction Transformation R\u00e9novation D\u00e9molition Am\u00e9nag\u00e9ments ext\u00e9rieurs<\/p>\n","protected":false},"author":1,"featured_media":0,"parent":0,"menu_order":0,"comment_status":"closed","ping_status":"closed","template":"templates\/construction.php","meta":{"footnotes":""},"class_list":["post-37","page","type-page","status-publish","hentry"],"acf":[],"_links":{"self":[{"href":"https:\/\/www.slbgroup.ch\/index.php?rest_route=\/wp\/v2\/pages\/37","targetHints":{"allow":["GET"]}}],"collection":[{"href":"https:\/\/www.slbgroup.ch\/index.php?rest_route=\/wp\/v2\/pages"}],"about":[{"href":"https:\/\/www.slbgroup.ch\/index.php?rest_route=\/wp\/v2\/types\/page"}],"author":[{"embeddable":true,"href":"https:\/\/www.slbgroup.ch\/index.php?rest_route=\/wp\/v2\/users\/1"}],"replies":[{"embeddable":true,"href":"https:\/\/www.slbgroup.ch\/index.php?rest_route=%2Fwp%2Fv2%2Fcomments&post=37"}],"version-history":[{"count":5,"href":"https:\/\/www.slbgroup.ch\/index.php?rest_route=\/wp\/v2\/pages\/37\/revisions"}],"predecessor-version":[{"id":270,"href":"https:\/\/www.slbgroup.ch\/index.php?rest_route=\/wp\/v2\/pages\/37\/revisions\/270"}],"wp:attachment":[{"href":"https:\/\/www.slbgroup.ch\/index.php?rest_route=%2Fwp%2Fv2%2Fmedia&parent=37"}],"curies":[{"name":"wp","href":"https:\/\/api.w.org\/{rel}","templated":true}]}}