{"id":21,"date":"2021-08-26T11:45:54","date_gmt":"2021-08-26T11:45:54","guid":{"rendered":"https:\/\/www.slbgroup.ch\/?page_id=21"},"modified":"2022-07-01T06:56:38","modified_gmt":"2022-07-01T06:56:38","slug":"entreprise","status":"publish","type":"page","link":"https:\/\/www.slbgroup.ch\/?page_id=21","title":{"rendered":"Entreprise"},"content":{"rendered":"<h2 style=\"text-align: center;\"><\/h2>\n<p>&nbsp;<\/p>\n<h2 style=\"text-align: center;\">Bienvenue chez SLB GROUP<\/h2>\n<p>&nbsp;<\/p>\n<p>&nbsp;<\/p>\n<p style=\"text-align: center;\">Notre entreprise active depuis 2014 est sp\u00e9cialis\u00e9e dans les domaines suivants :<\/p>\n<p style=\"text-align: center;\"><strong>Chauffage, Ventilation, Sanitaire<br \/>\n<\/strong><strong>Transport et D\u00e9m\u00e9nagement<br \/>\n<\/strong><strong>Construction, R\u00e9novation, Transformation<\/strong><\/p>\n<p style=\"text-align: center;\">L\u2019exp\u00e9rience, la qualification et l\u2019engagement de nos techniciens\/collaborateurs nous permettent<br \/>\nd\u2019effectuer un travail professionnel et de qualit\u00e9. Pour nous, la fiabilit\u00e9, l\u2019efficacit\u00e9, la satisfaction du client<br \/>\nainsi que le respect des d\u00e9lais repr\u00e9sentent bien plus qu\u2019une promesse de prestations, c\u2019est notre devise et<br \/>\nnotre investissement au quotidien.<\/p>\n<p>&nbsp;<\/p>\n<p>&nbsp;<\/p>\n<p style=\"text-align: center;\">Nous intervenons dans toute la Suisse Romande avec rapidit\u00e9 et qualit\u00e9 et nous engageons envers nos<br \/>\npartenaires \u00e0 mener \u00e0 bien tout projet qui nous est confi\u00e9.<\/p>\n","protected":false},"excerpt":{"rendered":"<p>&nbsp; Bienvenue chez SLB GROUP &nbsp; &nbsp; Notre entreprise active depuis 2014 est sp\u00e9cialis\u00e9e dans les domaines suivants : Chauffage, Ventilation, Sanitaire Transport et D\u00e9m\u00e9nagement Construction, R\u00e9novation, Transformation L\u2019exp\u00e9rience, la qualification et l\u2019engagement de nos techniciens\/collaborateurs nous permettent d\u2019effectuer un travail professionnel et de qualit\u00e9. Pour nous, la fiabilit\u00e9, l\u2019efficacit\u00e9, la satisfaction du client ainsi [&hellip;]<\/p>\n","protected":false},"author":1,"featured_media":0,"parent":0,"menu_order":0,"comment_status":"closed","ping_status":"closed","template":"templates\/enterprise.php","meta":{"footnotes":""},"class_list":["post-21","page","type-page","status-publish","hentry"],"acf":[],"_links":{"self":[{"href":"https:\/\/www.slbgroup.ch\/index.php?rest_route=\/wp\/v2\/pages\/21","targetHints":{"allow":["GET"]}}],"collection":[{"href":"https:\/\/www.slbgroup.ch\/index.php?rest_route=\/wp\/v2\/pages"}],"about":[{"href":"https:\/\/www.slbgroup.ch\/index.php?rest_route=\/wp\/v2\/types\/page"}],"author":[{"embeddable":true,"href":"https:\/\/www.slbgroup.ch\/index.php?rest_route=\/wp\/v2\/users\/1"}],"replies":[{"embeddable":true,"href":"https:\/\/www.slbgroup.ch\/index.php?rest_route=%2Fwp%2Fv2%2Fcomments&post=21"}],"version-history":[{"count":10,"href":"https:\/\/www.slbgroup.ch\/index.php?rest_route=\/wp\/v2\/pages\/21\/revisions"}],"predecessor-version":[{"id":172,"href":"https:\/\/www.slbgroup.ch\/index.php?rest_route=\/wp\/v2\/pages\/21\/revisions\/172"}],"wp:attachment":[{"href":"https:\/\/www.slbgroup.ch\/index.php?rest_route=%2Fwp%2Fv2%2Fmedia&parent=21"}],"curies":[{"name":"wp","href":"https:\/\/api.w.org\/{rel}","templated":true}]}}