{"id":163,"date":"2022-06-26T23:54:07","date_gmt":"2022-06-26T23:54:07","guid":{"rendered":"https:\/\/www.slbgroup.ch\/?page_id=163"},"modified":"2022-07-21T07:26:09","modified_gmt":"2022-07-21T07:26:09","slug":"sanitaire","status":"publish","type":"page","link":"https:\/\/www.slbgroup.ch\/?page_id=163","title":{"rendered":"Sanitaire"},"content":{"rendered":"<h3 style=\"text-align: center;\">Installation sanitaire pour construction neuve,<br \/>\nagrandissement, transformation et r\u00e9novation<\/h3>\n<p>&nbsp;<\/p>\n<p style=\"text-align: center;\"><strong>Eau chaude<\/strong><\/p>\n<p style=\"text-align: center;\"><strong>Eau froide<\/strong><\/p>\n<p style=\"text-align: center;\"><strong>Equipements sanitaires<\/strong><\/p>\n<p style=\"text-align: center;\"><strong>Traitements des eaux us\u00e9es<\/strong><\/p>\n<p style=\"text-align: center;\"><strong>R\u00e9gulation de tous ces \u00e9quipements<\/strong><\/p>\n","protected":false},"excerpt":{"rendered":"<p>Installation sanitaire pour construction neuve, agrandissement, transformation et r\u00e9novation &nbsp; Eau chaude Eau froide Equipements sanitaires Traitements des eaux us\u00e9es R\u00e9gulation de tous ces \u00e9quipements<\/p>\n","protected":false},"author":1,"featured_media":0,"parent":0,"menu_order":0,"comment_status":"closed","ping_status":"closed","template":"templates\/sanitaire.php","meta":{"footnotes":""},"class_list":["post-163","page","type-page","status-publish","hentry"],"acf":[],"_links":{"self":[{"href":"https:\/\/www.slbgroup.ch\/index.php?rest_route=\/wp\/v2\/pages\/163","targetHints":{"allow":["GET"]}}],"collection":[{"href":"https:\/\/www.slbgroup.ch\/index.php?rest_route=\/wp\/v2\/pages"}],"about":[{"href":"https:\/\/www.slbgroup.ch\/index.php?rest_route=\/wp\/v2\/types\/page"}],"author":[{"embeddable":true,"href":"https:\/\/www.slbgroup.ch\/index.php?rest_route=\/wp\/v2\/users\/1"}],"replies":[{"embeddable":true,"href":"https:\/\/www.slbgroup.ch\/index.php?rest_route=%2Fwp%2Fv2%2Fcomments&post=163"}],"version-history":[{"count":4,"href":"https:\/\/www.slbgroup.ch\/index.php?rest_route=\/wp\/v2\/pages\/163\/revisions"}],"predecessor-version":[{"id":268,"href":"https:\/\/www.slbgroup.ch\/index.php?rest_route=\/wp\/v2\/pages\/163\/revisions\/268"}],"wp:attachment":[{"href":"https:\/\/www.slbgroup.ch\/index.php?rest_route=%2Fwp%2Fv2%2Fmedia&parent=163"}],"curies":[{"name":"wp","href":"https:\/\/api.w.org\/{rel}","templated":true}]}}