{"id":158,"date":"2022-06-26T23:51:03","date_gmt":"2022-06-26T23:51:03","guid":{"rendered":"https:\/\/www.slbgroup.ch\/?page_id=158"},"modified":"2022-07-21T07:24:34","modified_gmt":"2022-07-21T07:24:34","slug":"chauffage","status":"publish","type":"page","link":"https:\/\/www.slbgroup.ch\/?page_id=158","title":{"rendered":"Chauffage"},"content":{"rendered":"<h3 style=\"text-align: center;\"><strong>Installation de chauffage pour construction neuve,<br \/>\n<\/strong><strong>agrandissement, transformation et r\u00e9novation<\/strong><\/h3>\n<p>&nbsp;<\/p>\n<p style=\"text-align: center;\"><strong>Chaudi\u00e8re &#8211; Chaufferie<\/strong><\/p>\n<p style=\"text-align: center;\"><strong>Chauffage au sol<\/strong><\/p>\n<p style=\"text-align: center;\"><strong>Pompe \u00e0 chaleur \u2013\u00a0Bois \u2013\u00a0Solaire \u2013\u00a0Gaz \u2013\u00a0Mazout \u2013\u00a0Distribution de chaleur<\/strong><\/p>\n<p style=\"text-align: center;\"><strong>Solaire thermique pour eau chaude sanitaire<\/strong><\/p>\n<p style=\"text-align: center;\"><strong>Solaire thermique pour participation au chauffage<\/strong><\/p>\n<p style=\"text-align: center;\"><strong>Solaire photovolta\u00efque pour autoconsommation<\/strong><\/p>\n","protected":false},"excerpt":{"rendered":"<p>Installation de chauffage pour construction neuve, agrandissement, transformation et r\u00e9novation &nbsp; Chaudi\u00e8re &#8211; Chaufferie Chauffage au sol Pompe \u00e0 chaleur \u2013\u00a0Bois \u2013\u00a0Solaire \u2013\u00a0Gaz \u2013\u00a0Mazout \u2013\u00a0Distribution de chaleur Solaire thermique pour eau chaude sanitaire Solaire thermique pour participation au chauffage Solaire photovolta\u00efque pour autoconsommation<\/p>\n","protected":false},"author":1,"featured_media":0,"parent":0,"menu_order":0,"comment_status":"closed","ping_status":"closed","template":"templates\/chauffage.php","meta":{"footnotes":""},"class_list":["post-158","page","type-page","status-publish","hentry"],"acf":[],"_links":{"self":[{"href":"https:\/\/www.slbgroup.ch\/index.php?rest_route=\/wp\/v2\/pages\/158","targetHints":{"allow":["GET"]}}],"collection":[{"href":"https:\/\/www.slbgroup.ch\/index.php?rest_route=\/wp\/v2\/pages"}],"about":[{"href":"https:\/\/www.slbgroup.ch\/index.php?rest_route=\/wp\/v2\/types\/page"}],"author":[{"embeddable":true,"href":"https:\/\/www.slbgroup.ch\/index.php?rest_route=\/wp\/v2\/users\/1"}],"replies":[{"embeddable":true,"href":"https:\/\/www.slbgroup.ch\/index.php?rest_route=%2Fwp%2Fv2%2Fcomments&post=158"}],"version-history":[{"count":5,"href":"https:\/\/www.slbgroup.ch\/index.php?rest_route=\/wp\/v2\/pages\/158\/revisions"}],"predecessor-version":[{"id":265,"href":"https:\/\/www.slbgroup.ch\/index.php?rest_route=\/wp\/v2\/pages\/158\/revisions\/265"}],"wp:attachment":[{"href":"https:\/\/www.slbgroup.ch\/index.php?rest_route=%2Fwp%2Fv2%2Fmedia&parent=158"}],"curies":[{"name":"wp","href":"https:\/\/api.w.org\/{rel}","templated":true}]}}