{"id":148,"date":"2022-06-26T23:30:33","date_gmt":"2022-06-26T23:30:33","guid":{"rendered":"https:\/\/www.slbgroup.ch\/?page_id=148"},"modified":"2022-07-21T07:23:31","modified_gmt":"2022-07-21T07:23:31","slug":"ventilation","status":"publish","type":"page","link":"https:\/\/www.slbgroup.ch\/?page_id=148","title":{"rendered":"Ventilation"},"content":{"rendered":"<h3 style=\"text-align: center;\">\u00c9tude et installation de ventilation pour construction<br \/>\nneuve, agrandissement, transformation et r\u00e9novation<\/h3>\n<p>&nbsp;<\/p>\n<p style=\"text-align: center;\"><strong>Locatif: <\/strong>Immeuble, Villa<\/p>\n<p style=\"text-align: center;\"><strong>Industriel: <\/strong>Usine<\/p>\n<p style=\"text-align: center;\"><strong>Commercial: <\/strong>Magasin<\/p>\n<p style=\"text-align: center;\"><strong>Manufacture horlog\u00e8re<\/strong><\/p>\n<p style=\"text-align: center;\"><strong>H\u00f4pital<\/strong><\/p>\n<p style=\"text-align: center;\"><strong>Salle blanche<\/strong><\/p>\n<p style=\"text-align: center;\"><strong>Restaurant<\/strong> <strong>\/ Cuisine<br \/>\n<\/strong><br \/>\n<strong>PPS: <\/strong>Plastique<\/p>\n","protected":false},"excerpt":{"rendered":"<p>\u00c9tude et installation de ventilation pour construction neuve, agrandissement, transformation et r\u00e9novation &nbsp; Locatif: Immeuble, Villa Industriel: Usine Commercial: Magasin Manufacture horlog\u00e8re H\u00f4pital Salle blanche Restaurant \/ Cuisine PPS: Plastique<\/p>\n","protected":false},"author":1,"featured_media":0,"parent":0,"menu_order":0,"comment_status":"closed","ping_status":"closed","template":"templates\/ventilation.php","meta":{"footnotes":""},"class_list":["post-148","page","type-page","status-publish","hentry"],"acf":[],"_links":{"self":[{"href":"https:\/\/www.slbgroup.ch\/index.php?rest_route=\/wp\/v2\/pages\/148","targetHints":{"allow":["GET"]}}],"collection":[{"href":"https:\/\/www.slbgroup.ch\/index.php?rest_route=\/wp\/v2\/pages"}],"about":[{"href":"https:\/\/www.slbgroup.ch\/index.php?rest_route=\/wp\/v2\/types\/page"}],"author":[{"embeddable":true,"href":"https:\/\/www.slbgroup.ch\/index.php?rest_route=\/wp\/v2\/users\/1"}],"replies":[{"embeddable":true,"href":"https:\/\/www.slbgroup.ch\/index.php?rest_route=%2Fwp%2Fv2%2Fcomments&post=148"}],"version-history":[{"count":14,"href":"https:\/\/www.slbgroup.ch\/index.php?rest_route=\/wp\/v2\/pages\/148\/revisions"}],"predecessor-version":[{"id":262,"href":"https:\/\/www.slbgroup.ch\/index.php?rest_route=\/wp\/v2\/pages\/148\/revisions\/262"}],"wp:attachment":[{"href":"https:\/\/www.slbgroup.ch\/index.php?rest_route=%2Fwp%2Fv2%2Fmedia&parent=148"}],"curies":[{"name":"wp","href":"https:\/\/api.w.org\/{rel}","templated":true}]}}